{"id":94,"date":"2025-01-12T17:09:20","date_gmt":"2025-01-12T15:09:20","guid":{"rendered":"https:\/\/co-u-be.ch\/?page_id=94"},"modified":"2025-01-12T18:13:23","modified_gmt":"2025-01-12T16:13:23","slug":"circle-of-universal-being-entities","status":"publish","type":"page","link":"https:\/\/co-u-be.ch\/","title":{"rendered":"Circle of universal being entities"},"content":{"rendered":"\n<p>Der Verein f\u00fcr Alle die gerne helfen und Gutes in die Welt bringen m\u00f6chten und auch oder besonders f\u00fcr die welche gerade Hilfe ben\u00f6tigen!<\/p>\n\n\n\n<figure class=\"wp-block-pullquote\"><blockquote><p><strong><em>Wir sind Alle Eins und zusammen k\u00f6nnen wir die Welt verbessern!<\/em><\/strong><\/p><cite><em>Zitat aus dem gemeinschaftlichen\/geistigen Wissenspool &#8212; Falls es doch schon mal jemand so gesagt hat und f\u00fcr sich beansprucht bitte melden, dann zitieren wir hier!<\/em><\/cite><\/blockquote><\/figure>\n\n\n\n<p>Unsere intention ist es mit dem Wandel der Welt, vor unserer Haust\u00fcr aber auch \u00fcberall wo Hilfe dringend ben\u00f6tigt ist, zu helfen.<\/p>\n\n\n\n<p>Noch stehen wir am Anfang unserer Arbeit und sind daher auch auf jede Hilfe angewiesen um anderen zu helfen. Daher k\u00f6nnen wir auch aktuell erst mal nur die Plattform bieten Menschen oder in Vertretung f\u00fcr Tiere also alle Wesen die in Not sind sich an uns zu wenden. Wir stellen dann aus den verschiedenen Themen Hilfsprojekte zusammen und diese Projekte stellen wir dann auf unserer Webseite vor damit Menschen die sich angesprochen f\u00fchlen bei einzelnen Projekten spenden k\u00f6nnen.<\/p>\n\n\n\n<p>Unsere Vision ist, dass sich in der Zukunft ein Spendenpool durch Spenden an den Verein zu Hilfszwecken aufgebaut hat und wir so gerade in Zeitkritischen Hilfsprojekten schnell und unkompliziert helfen k\u00f6nnen.<\/p>\n\n\n\n<blockquote class=\"wp-block-quote is-layout-flow wp-block-quote-is-layout-flow\">\n<p><em>&#8222;Gib einem Hungernden einen Fisch und er wird einmal satt, lehre ihn Fischen und er wird nie wieder hungern&#8220;<\/em>. <\/p>\n\n\n\n<p>LAOTSE<\/p>\n<\/blockquote>\n","protected":false},"excerpt":{"rendered":"<p>Der Verein f\u00fcr Alle die gerne helfen und Gutes in die Welt bringen m\u00f6chten und auch oder besonders f\u00fcr die welche gerade Hilfe ben\u00f6tigen! Wir sind Alle Eins und zusammen k\u00f6nnen wir die Welt verbessern! Zitat aus dem gemeinschaftlichen\/geistigen Wissenspool &#8212; Falls es doch schon mal jemand so gesagt hat und f\u00fcr sich beansprucht bitte [&hellip;]<\/p>\n","protected":false},"author":1,"featured_media":0,"parent":0,"menu_order":0,"comment_status":"closed","ping_status":"closed","template":"","meta":{"_monsterinsights_skip_tracking":false,"_monsterinsights_sitenote_active":false,"_monsterinsights_sitenote_note":"","_monsterinsights_sitenote_category":0,"footnotes":""},"class_list":["post-94","page","type-page","status-publish","hentry"],"_links":{"self":[{"href":"https:\/\/co-u-be.ch\/index.php?rest_route=\/wp\/v2\/pages\/94","targetHints":{"allow":["GET"]}}],"collection":[{"href":"https:\/\/co-u-be.ch\/index.php?rest_route=\/wp\/v2\/pages"}],"about":[{"href":"https:\/\/co-u-be.ch\/index.php?rest_route=\/wp\/v2\/types\/page"}],"author":[{"embeddable":true,"href":"https:\/\/co-u-be.ch\/index.php?rest_route=\/wp\/v2\/users\/1"}],"replies":[{"embeddable":true,"href":"https:\/\/co-u-be.ch\/index.php?rest_route=%2Fwp%2Fv2%2Fcomments&post=94"}],"version-history":[{"count":5,"href":"https:\/\/co-u-be.ch\/index.php?rest_route=\/wp\/v2\/pages\/94\/revisions"}],"predecessor-version":[{"id":168,"href":"https:\/\/co-u-be.ch\/index.php?rest_route=\/wp\/v2\/pages\/94\/revisions\/168"}],"wp:attachment":[{"href":"https:\/\/co-u-be.ch\/index.php?rest_route=%2Fwp%2Fv2%2Fmedia&parent=94"}],"curies":[{"name":"wp","href":"https:\/\/api.w.org\/{rel}","templated":true}]}}