{"id":2,"date":"2016-05-10T03:48:21","date_gmt":"2016-05-10T03:48:21","guid":{"rendered":"https:\/\/co-u-be.ch\/?page_id=2"},"modified":"2025-01-12T20:40:46","modified_gmt":"2025-01-12T18:40:46","slug":"sample-page","status":"publish","type":"page","link":"https:\/\/co-u-be.ch\/?page_id=2","title":{"rendered":"\u00dcber uns"},"content":{"rendered":"<p>Wir stellen uns dann mal kurz vor \ud83d\ude42<\/p>\n<p>Da ihr bestimmt gerne wissen wollt woher die Intention und Vision zu diesem Verein kommt dachten wir die beiden Ideengebern erz\u00e4hlen aus Ihrer Sicht wie es zur Gr\u00fcndung kam.<\/p>\n<p>&#8230;Majella:<\/p>\n<blockquote><p>Erst einmal sch\u00f6n, dass du da bist und uns gefunden hast!<br \/>\nWie auch wir uns gegenseitig als Teile unserer Seelenfamilien vor einigen Jahren gefunden haben hoffe ich, dass auch unter dem Dach unseres Vereins sich viele sch\u00f6ne Gemeinschaften zusammenfinden. Sich die einzelnen universellen, Unikate zusammen zu einer gro\u00dfen wie auch vielen kleinen Seelenfamilien vereinen und gegenseitig unterst\u00fctzen k\u00f6nnen in allen Lebensbereichen.<\/p>\n<p>Da wir auch an anderen Stellen erw\u00e4hnen um was es im Verein geht und auch Christian vieles schon zusammengefasst hat mit welchen Themen wir uns zumindest stand jetzt verbunden sehen, werde ich an dieser Stelle mehr auf das Warum eingehen.<\/p>\n<p>Vor einigen Jahren 2019 um genau zu sein haben Christian und ich uns kennengelernt und schon recht schnell gemerkt, dass wir nicht nur menschlich gut harmonieren sondern auch sehr gut miteinander Arbeiten k\u00f6nnen und uns sehr gut gegenseitig Erg\u00e4nzen.<\/p>\n<p>Im Laufe vieler Telefonate, Treffen und gegenseitiger Begleitung kristallisierte sich immer mehr dieser Verein heraus, unser Berufungsprojekt. Denn wie die meisten von uns war auch ich noch trotz erfolgreichem Studium, Kindern, Job etc. noch immer auf der suche nach meiner Berufung \u2014 etwas fehlte.<\/p>\n<p>Denn in meiner Natur liegt es einfach anderen Wesen zu Helfen, weil ich m\u00f6chte, dass es Allen auf jeder Ebene gut geht!<br \/>\nAllein auf weiter Flur ist das leider nicht ganz so einfach wie es der gute Wunsch oft ist, daher kam der Gedanke zu unserem Verein. Doch vom ersten Gedanken und der Gr\u00fcndung war, zumindest scheint es so, noch ein bisschen g\u00f6ttliche Schulung notwendig.<\/p>\n<p>Denn du kannst eben besser mitreden wenn du in den selben Schuhen gelaufen bist! &#8230;und noch paar andere kleine feinschliffe an unseren St\u00e4rken.<\/p>\n<p>Wir wollen ein sehr naher Verein sein auch wenn wir physisch doch einige Kilometer verstreut Leben. So wollen wir direkt vor unserer Haust\u00fcre mit unserer Hilfe beginnen weil es auch an vielen Ecken in unserem System mit Hilfen hakt. Vermutlich wurden wir genau deswegen vor viele dieser H\u00fcrden und in solche Situationen gesteckt um euch mit euren Hilfsgesuchen wirklich nah sein zu k\u00f6nnen \u2014 in unseren Profilen dann n\u00e4heres zu unseren Biografien.<br \/>\nSpoiler vorweg wir haben so einiges er-\/durchlebt und wollen auch deswegen unsere Hilfe sehr breit gef\u00e4chert anbieten. Tretet deswegen einfach an uns heran mit euren Themen und wir schauen ob wir und wie wir helfen k\u00f6nnen!<\/p>\n<p>Auch haben wir gerade in den Phasen des Lebens in denen alles dunkel erscheint gesehen wie wichtig es ist nicht nur Menschen die einem mit einem offenen Ohr und mit\u00a0 Rat und Tat zur Seite stehen zu haben sondern auch etwas zu haben wof\u00fcr man sich einbringen kann. Daher haben wir unser Konzept entwickelt nach welchem wir den Menschen die eine Hilfe bekommen haben die M\u00f6glichkeit bieten sich mit dem was sie gut k\u00f6nnen im Verein wieder f\u00fcr andere einzusetzen und somit der Welt wieder etwas zur\u00fcckgeben zu k\u00f6nnen.<\/p>\n<p>Aus unserer Sicht in unserer aktuellen Zeit eine absolut wichtige Sache um unser aller Licht weiter zu erh\u00f6hen und in der Welt im Wandel so unseren Beitrag zu einer besseren Welt f\u00fcr uns Alle zu leisten!<\/p>\n<p>Ganz Liebe Gr\u00fc\u00dfe<\/p>\n<p>Majella<\/p><\/blockquote>\n<p>&#8230;Christian:<\/p>\n<blockquote>\n<p class=\"p1\">Als einer der zwei Gr\u00fcnder des Vereins m\u00f6chte ich alle Menschen, die sich zu einem Beitritt in unserem Verein entschlossen haben recht herzlich begr\u00fc\u00dfen.<span class=\"Apple-converted-space\">\u00a0<\/span><\/p>\n<p class=\"p1\">Die Idee und die Gr\u00fcndung des Verein gehen bereits auf das Jahr 2021 zur\u00fcck und jetzt ist es uns gelungen diese zu verwirklichen. Aber wie hei\u00dft es so sch\u00f6n, \u201egut Ding braucht Weile\u201c oder es kommt alles zum passenden Moment. Grundidee von uns war es, erstens Menschen die in Notlage gekommen sind zu unterst\u00fctzen und das in zwei Richtungen: erstens kurzfristig finanziell aber was noch wichtiger ist langfristig mit der Unterst\u00fctzung wieder in eigene Verantwortung und soziale Integration zu kommen.<span class=\"Apple-converted-space\">\u00a0<\/span><\/p>\n<p class=\"p1\">Ein weiterer Punkt f\u00fcr uns war und ist, etwas gemeinsames auf die Beine zu stellen. Es gibt hier keine Differenzierung nach Herkunft, sozialem Stand, Religion oder Geschlecht, hier und bei allem, was der Verein auf Dauer anbieten wird, sollte immer der Mensch im Vordergrund stehen. Daher ist auch jedes einzelne Vereinsmitglied aufgefordert seine Ideen einzubringen. Ob diese dann umsetzbar sind und\/oder angenommen werden wird sich zeigen. Geplant sind einige Hauptgruppen, wie Spirituelles, Gesundheitliches, Mindset, finanzielles Mindset usw.<span class=\"Apple-converted-space\">\u00a0<\/span><\/p>\n<p class=\"p1\">Wir m\u00f6chten hier Kurse, Coaches, Diskussionen, aber auch Treffen organisieren wobei es jedem selbst \u00fcberlassen bleibt, wieviel er f\u00fcr sich mitnehmen will und kann.<\/p>\n<p class=\"p1\">Wir haben das ganze als \u00fcberregionalen Verein geplant, was sich schon daran zeigt, dass die Gr\u00fcnder und die vereinsleitung in \u00d6sterreich, Deutschland und der Schweiz sitzt.<\/p>\n<p class=\"p1\">Ich freue mich jetzt schon auf einen regen Austausch mit jedem Einzelnen und w\u00fcnsche euch hier viel Spa\u00df.<\/p>\n<p class=\"p1\">Liebe Gr\u00fc\u00dfe<\/p>\n<p class=\"p1\">Christian W.<span class=\"Apple-converted-space\">\u00a0<\/span><\/p>\n<\/blockquote>\n","protected":false},"excerpt":{"rendered":"<p>Wir stellen uns dann mal kurz vor \ud83d\ude42 Da ihr bestimmt gerne wissen wollt woher die Intention und Vision zu diesem Verein kommt dachten wir die beiden Ideengebern erz\u00e4hlen aus Ihrer Sicht wie es zur Gr\u00fcndung kam. &#8230;Majella: Erst einmal sch\u00f6n, dass du da bist und uns gefunden hast! Wie auch wir uns gegenseitig als [&hellip;]<\/p>\n","protected":false},"author":1,"featured_media":0,"parent":0,"menu_order":0,"comment_status":"closed","ping_status":"open","template":"","meta":{"_monsterinsights_skip_tracking":false,"_monsterinsights_sitenote_active":false,"_monsterinsights_sitenote_note":"","_monsterinsights_sitenote_category":0,"footnotes":""},"class_list":["post-2","page","type-page","status-publish","hentry"],"_links":{"self":[{"href":"https:\/\/co-u-be.ch\/index.php?rest_route=\/wp\/v2\/pages\/2","targetHints":{"allow":["GET"]}}],"collection":[{"href":"https:\/\/co-u-be.ch\/index.php?rest_route=\/wp\/v2\/pages"}],"about":[{"href":"https:\/\/co-u-be.ch\/index.php?rest_route=\/wp\/v2\/types\/page"}],"author":[{"embeddable":true,"href":"https:\/\/co-u-be.ch\/index.php?rest_route=\/wp\/v2\/users\/1"}],"replies":[{"embeddable":true,"href":"https:\/\/co-u-be.ch\/index.php?rest_route=%2Fwp%2Fv2%2Fcomments&post=2"}],"version-history":[{"count":2,"href":"https:\/\/co-u-be.ch\/index.php?rest_route=\/wp\/v2\/pages\/2\/revisions"}],"predecessor-version":[{"id":173,"href":"https:\/\/co-u-be.ch\/index.php?rest_route=\/wp\/v2\/pages\/2\/revisions\/173"}],"wp:attachment":[{"href":"https:\/\/co-u-be.ch\/index.php?rest_route=%2Fwp%2Fv2%2Fmedia&parent=2"}],"curies":[{"name":"wp","href":"https:\/\/api.w.org\/{rel}","templated":true}]}}